{"id":87,"date":"2025-03-14T02:05:16","date_gmt":"2025-03-14T01:05:16","guid":{"rendered":"https:\/\/mvdimmogroup.fr\/?page_id=87"},"modified":"2025-03-14T02:27:18","modified_gmt":"2025-03-14T01:27:18","slug":"expertise","status":"publish","type":"page","link":"https:\/\/mvdimmogroup.fr\/index.php\/expertise\/","title":{"rendered":"Expertise"},"content":{"rendered":"\t\t<div data-elementor-type=\"wp-page\" data-elementor-id=\"87\" class=\"elementor elementor-87\">\n\t\t\t\t<div class=\"elementor-element elementor-element-ebd4fac e-flex e-con-boxed e-con e-parent\" data-id=\"ebd4fac\" data-element_type=\"container\">\n\t\t\t\t\t<div class=\"e-con-inner\">\n\t\t\t\t<div class=\"elementor-element elementor-element-0f83c80 elementor-widget elementor-widget-text-editor\" data-id=\"0f83c80\" data-element_type=\"widget\" data-widget_type=\"text-editor.default\">\n\t\t\t\t<div class=\"elementor-widget-container\">\n\t\t\t\t\t\t\t\t\t<p>La mission d&rsquo;un expert immobilier consiste \u00e0 \u00e9valuer la valeur d\u2019un bien immobilier (terrain, maison, appartement, local commercial, etc.) de mani\u00e8re objective et impartiale. Sa mission est compl\u00e8te et d\u00e9taill\u00e9e :<\/p><ul><li>Estimation de la valeur v\u00e9nale ou locative en\u00a0 d\u00e9terminant la juste valeur d\u2019un bien en fonction du march\u00e9, de son \u00e9tat, de son emplacement et d\u2019autres crit\u00e8res.<\/li><li>Analyse du march\u00e9 pour fournir des \u00e9valuations pr\u00e9cises.<\/li><li>R\u00e9daction de rapports d\u2019expertise<\/li><li>Mission de conseil\u00a0<\/li><li>Intervention en cas de litige\u00a0<\/li><\/ul>\t\t\t\t\t\t\t\t<\/div>\n\t\t\t\t<\/div>\n\t\t\t\t\t<\/div>\n\t\t\t\t<\/div>\n\t\t\t\t<\/div>\n\t\t","protected":false},"excerpt":{"rendered":"<p>La mission d&rsquo;un expert immobilier consiste \u00e0 \u00e9valuer la valeur d\u2019un bien immobilier (terrain, maison, appartement, local commercial, etc.) de mani\u00e8re objective et impartiale. Sa mission est compl\u00e8te et d\u00e9taill\u00e9e : Estimation de la valeur v\u00e9nale ou locative en\u00a0 d\u00e9terminant la juste valeur d\u2019un bien en fonction du march\u00e9, de son \u00e9tat, de son emplacement [&hellip;]<\/p>\n","protected":false},"author":1,"featured_media":0,"parent":0,"menu_order":0,"comment_status":"closed","ping_status":"closed","template":"","meta":{"footnotes":""},"class_list":["post-87","page","type-page","status-publish","hentry"],"_links":{"self":[{"href":"https:\/\/mvdimmogroup.fr\/index.php\/wp-json\/wp\/v2\/pages\/87","targetHints":{"allow":["GET"]}}],"collection":[{"href":"https:\/\/mvdimmogroup.fr\/index.php\/wp-json\/wp\/v2\/pages"}],"about":[{"href":"https:\/\/mvdimmogroup.fr\/index.php\/wp-json\/wp\/v2\/types\/page"}],"author":[{"embeddable":true,"href":"https:\/\/mvdimmogroup.fr\/index.php\/wp-json\/wp\/v2\/users\/1"}],"replies":[{"embeddable":true,"href":"https:\/\/mvdimmogroup.fr\/index.php\/wp-json\/wp\/v2\/comments?post=87"}],"version-history":[{"count":4,"href":"https:\/\/mvdimmogroup.fr\/index.php\/wp-json\/wp\/v2\/pages\/87\/revisions"}],"predecessor-version":[{"id":112,"href":"https:\/\/mvdimmogroup.fr\/index.php\/wp-json\/wp\/v2\/pages\/87\/revisions\/112"}],"wp:attachment":[{"href":"https:\/\/mvdimmogroup.fr\/index.php\/wp-json\/wp\/v2\/media?parent=87"}],"curies":[{"name":"wp","href":"https:\/\/api.w.org\/{rel}","templated":true}]}}