{"id":2,"date":"2025-03-13T16:46:34","date_gmt":"2025-03-13T15:46:34","guid":{"rendered":"http:\/\/mvdimmi.cluster100.hosting.ovh.net\/?page_id=2"},"modified":"2025-04-24T03:18:11","modified_gmt":"2025-04-24T01:18:11","slug":"page-d-exemple","status":"publish","type":"page","link":"https:\/\/mvdimmogroup.fr\/index.php\/page-d-exemple\/","title":{"rendered":"Annonces"},"content":{"rendered":"\t\t<div data-elementor-type=\"wp-page\" data-elementor-id=\"2\" class=\"elementor elementor-2\">\n\t\t\t\t<div class=\"elementor-element elementor-element-2853899b e-flex e-con-boxed e-con e-parent\" data-id=\"2853899b\" data-element_type=\"container\">\n\t\t\t\t\t<div class=\"e-con-inner\">\n\t\t\t\t<div class=\"elementor-element elementor-element-34922f8b elementor-widget elementor-widget-text-editor\" data-id=\"34922f8b\" data-element_type=\"widget\" data-widget_type=\"text-editor.default\">\n\t\t\t\t<div class=\"elementor-widget-container\">\n\t\t\t\t\t\t\t\t\t<p><a href=\"https:\/\/www.homefolies.com\/vente\/20-les-abymes\/terrain\/1118-a-saisir-lots-de-4-terrains-aux-abymes\" data-wplink-edit=\"true\">Vente terrain Les Abymes 98000\u20ac | Home Folies<\/a><\/p><p><!-- \/wp:paragraph --><\/p>\t\t\t\t\t\t\t\t<\/div>\n\t\t\t\t<\/div>\n\t\t\t\t<div class=\"elementor-element elementor-element-757cc74 elementor-widget elementor-widget-image\" data-id=\"757cc74\" data-element_type=\"widget\" data-widget_type=\"image.default\">\n\t\t\t\t<div class=\"elementor-widget-container\">\n\t\t\t\t\t\t\t\t\t\t\t\t\t\t\t<img fetchpriority=\"high\" decoding=\"async\" width=\"300\" height=\"225\" src=\"https:\/\/mvdimmogroup.fr\/wp-content\/uploads\/2025\/03\/Annonce1-300x225.jpg\" class=\"attachment-medium size-medium wp-image-20\" alt=\"\" srcset=\"https:\/\/mvdimmogroup.fr\/wp-content\/uploads\/2025\/03\/Annonce1-300x225.jpg 300w, https:\/\/mvdimmogroup.fr\/wp-content\/uploads\/2025\/03\/Annonce1-1024x768.jpg 1024w, https:\/\/mvdimmogroup.fr\/wp-content\/uploads\/2025\/03\/Annonce1-768x576.jpg 768w, https:\/\/mvdimmogroup.fr\/wp-content\/uploads\/2025\/03\/Annonce1-1536x1152.jpg 1536w, https:\/\/mvdimmogroup.fr\/wp-content\/uploads\/2025\/03\/Annonce1.jpg 2048w\" sizes=\"(max-width: 300px) 100vw, 300px\" \/>\t\t\t\t\t\t\t\t\t\t\t\t\t\t\t<\/div>\n\t\t\t\t<\/div>\n\t\t\t\t<div class=\"elementor-element elementor-element-4b46b96 elementor-widget elementor-widget-heading\" data-id=\"4b46b96\" data-element_type=\"widget\" data-widget_type=\"heading.default\">\n\t\t\t\t<div class=\"elementor-widget-container\">\n\t\t\t\t\t<h5 class=\"elementor-heading-title elementor-size-default\"><a href=\"https:\/\/www.homefolies.com\/vente\/14-capesterre-belle-eau\/maison\/t4\/1115-maison-f4-dans-lotissement-idealement-situee\/\">Maison F4 id\u00e9alement situ\u00e9e dans lotissement \u00e0 Capesterre-Belle-Eau 267 500 \u20ac \/ Home Folies<\/a><\/h5>\t\t\t\t<\/div>\n\t\t\t\t<\/div>\n\t\t\t\t<div class=\"elementor-element elementor-element-cfdbe9e elementor-widget elementor-widget-image\" data-id=\"cfdbe9e\" data-element_type=\"widget\" data-widget_type=\"image.default\">\n\t\t\t\t<div class=\"elementor-widget-container\">\n\t\t\t\t\t\t\t\t\t\t\t\t\t\t\t<img decoding=\"async\" width=\"300\" height=\"225\" src=\"https:\/\/mvdimmogroup.fr\/wp-content\/uploads\/2025\/03\/Annonce2-300x225.jpg\" class=\"attachment-medium size-medium wp-image-39\" alt=\"\" srcset=\"https:\/\/mvdimmogroup.fr\/wp-content\/uploads\/2025\/03\/Annonce2-300x225.jpg 300w, https:\/\/mvdimmogroup.fr\/wp-content\/uploads\/2025\/03\/Annonce2-1024x768.jpg 1024w, https:\/\/mvdimmogroup.fr\/wp-content\/uploads\/2025\/03\/Annonce2-768x576.jpg 768w, https:\/\/mvdimmogroup.fr\/wp-content\/uploads\/2025\/03\/Annonce2-1536x1152.jpg 1536w, https:\/\/mvdimmogroup.fr\/wp-content\/uploads\/2025\/03\/Annonce2.jpg 1600w\" sizes=\"(max-width: 300px) 100vw, 300px\" \/>\t\t\t\t\t\t\t\t\t\t\t\t\t\t\t<\/div>\n\t\t\t\t<\/div>\n\t\t\t\t<div class=\"elementor-element elementor-element-9273b0c elementor-widget elementor-widget-heading\" data-id=\"9273b0c\" data-element_type=\"widget\" data-widget_type=\"heading.default\">\n\t\t\t\t<div class=\"elementor-widget-container\">\n\t\t\t\t\t<h5 class=\"elementor-heading-title elementor-size-default\"><a href=\"https:\/\/www.homefolies.com\/vente\/14-capesterre-belle-eau\/maison\/t4\/1115-maison-f4-dans-lotissement-idealement-situee\/\">Magnifique villa F4 La Grippi\u00e8re Petit-Bourg 477 000 \u20ac \/ Home Folies<\/a><\/h5>\t\t\t\t<\/div>\n\t\t\t\t<\/div>\n\t\t\t\t\t<\/div>\n\t\t\t\t<\/div>\n\t\t<div class=\"elementor-element elementor-element-5ed648f e-flex e-con-boxed e-con e-parent\" data-id=\"5ed648f\" data-element_type=\"container\">\n\t\t\t\t\t<div class=\"e-con-inner\">\n\t\t\t\t<div class=\"elementor-element elementor-element-20cdd8f elementor-widget elementor-widget-image\" data-id=\"20cdd8f\" data-element_type=\"widget\" data-widget_type=\"image.default\">\n\t\t\t\t<div class=\"elementor-widget-container\">\n\t\t\t\t\t\t\t\t\t\t\t\t\t\t\t<img decoding=\"async\" width=\"300\" height=\"225\" src=\"https:\/\/mvdimmogroup.fr\/wp-content\/uploads\/2025\/03\/Annonce3-300x225.jpg\" class=\"attachment-medium size-medium wp-image-50\" alt=\"\" srcset=\"https:\/\/mvdimmogroup.fr\/wp-content\/uploads\/2025\/03\/Annonce3-300x225.jpg 300w, https:\/\/mvdimmogroup.fr\/wp-content\/uploads\/2025\/03\/Annonce3-1024x768.jpg 1024w, https:\/\/mvdimmogroup.fr\/wp-content\/uploads\/2025\/03\/Annonce3-768x576.jpg 768w, https:\/\/mvdimmogroup.fr\/wp-content\/uploads\/2025\/03\/Annonce3-1536x1152.jpg 1536w, https:\/\/mvdimmogroup.fr\/wp-content\/uploads\/2025\/03\/Annonce3.jpg 2048w\" sizes=\"(max-width: 300px) 100vw, 300px\" \/>\t\t\t\t\t\t\t\t\t\t\t\t\t\t\t<\/div>\n\t\t\t\t<\/div>\n\t\t\t\t\t<\/div>\n\t\t\t\t<\/div>\n\t\t<div class=\"elementor-element elementor-element-d3fcd06 e-flex e-con-boxed e-con e-parent\" data-id=\"d3fcd06\" data-element_type=\"container\">\n\t\t\t\t\t<div class=\"e-con-inner\">\n\t\t<div class=\"elementor-element elementor-element-25c8826 e-con-full e-flex e-con e-child\" data-id=\"25c8826\" data-element_type=\"container\">\n\t\t\t\t<div class=\"elementor-element elementor-element-1fd14a8 elementor-widget elementor-widget-heading\" data-id=\"1fd14a8\" data-element_type=\"widget\" data-widget_type=\"heading.default\">\n\t\t\t\t<div class=\"elementor-widget-container\">\n\t\t\t\t\t<h2 class=\"elementor-heading-title elementor-size-default\"><a href=\"https:\/\/meilleursbiens.com\/annonce\/9e9711c6-bf27-45f0-ad45-81387c5a6db7\">Vente terrain viabilis\u00e9 773m\u00b2 dans lotissement Goyave 160 000 \u20ac\/ Meilleurs biens<\/a><\/h2>\t\t\t\t<\/div>\n\t\t\t\t<\/div>\n\t\t\t\t<\/div>\n\t\t<div class=\"elementor-element elementor-element-53e375e e-con-full e-flex e-con e-child\" data-id=\"53e375e\" data-element_type=\"container\">\n\t\t<div class=\"elementor-element elementor-element-819aad0 e-con-full e-flex e-con e-child\" data-id=\"819aad0\" data-element_type=\"container\">\n\t\t\t\t<div class=\"elementor-element elementor-element-81d76c9 elementor-widget elementor-widget-image\" data-id=\"81d76c9\" data-element_type=\"widget\" data-widget_type=\"image.default\">\n\t\t\t\t<div class=\"elementor-widget-container\">\n\t\t\t\t\t\t\t\t\t\t\t\t\t\t\t<img loading=\"lazy\" decoding=\"async\" width=\"1024\" height=\"768\" src=\"https:\/\/mvdimmogroup.fr\/wp-content\/uploads\/2025\/04\/WhatsApp-Image-2025-03-26-at-07.12.31-1-1024x768.jpeg\" class=\"attachment-large size-large wp-image-128\" alt=\"\" srcset=\"https:\/\/mvdimmogroup.fr\/wp-content\/uploads\/2025\/04\/WhatsApp-Image-2025-03-26-at-07.12.31-1-1024x768.jpeg 1024w, https:\/\/mvdimmogroup.fr\/wp-content\/uploads\/2025\/04\/WhatsApp-Image-2025-03-26-at-07.12.31-1-300x225.jpeg 300w, https:\/\/mvdimmogroup.fr\/wp-content\/uploads\/2025\/04\/WhatsApp-Image-2025-03-26-at-07.12.31-1-768x576.jpeg 768w, https:\/\/mvdimmogroup.fr\/wp-content\/uploads\/2025\/04\/WhatsApp-Image-2025-03-26-at-07.12.31-1-1536x1152.jpeg 1536w, https:\/\/mvdimmogroup.fr\/wp-content\/uploads\/2025\/04\/WhatsApp-Image-2025-03-26-at-07.12.31-1.jpeg 1600w\" sizes=\"(max-width: 1024px) 100vw, 1024px\" \/>\t\t\t\t\t\t\t\t\t\t\t\t\t\t\t<\/div>\n\t\t\t\t<\/div>\n\t\t\t\t<\/div>\n\t\t<div class=\"elementor-element elementor-element-27a48be e-con-full e-flex e-con e-child\" data-id=\"27a48be\" data-element_type=\"container\">\n\t\t<div class=\"elementor-element elementor-element-216727a e-con-full e-flex e-con e-child\" data-id=\"216727a\" data-element_type=\"container\">\n\t\t\t\t<\/div>\n\t\t\t\t<\/div>\n\t\t\t\t<\/div>\n\t\t\t\t\t<\/div>\n\t\t\t\t<\/div>\n\t\t\t\t<\/div>\n\t\t","protected":false},"excerpt":{"rendered":"<p>Vente terrain Les Abymes 98000\u20ac | Home Folies Maison F4 id\u00e9alement situ\u00e9e dans lotissement \u00e0 Capesterre-Belle-Eau 267 500 \u20ac \/ Home Folies Magnifique villa F4 La Grippi\u00e8re Petit-Bourg 477 000 \u20ac \/ Home Folies Vente terrain viabilis\u00e9 773m\u00b2 dans lotissement Goyave 160 000 \u20ac\/ Meilleurs biens<\/p>\n","protected":false},"author":1,"featured_media":0,"parent":0,"menu_order":0,"comment_status":"closed","ping_status":"open","template":"elementor_canvas","meta":{"footnotes":""},"class_list":["post-2","page","type-page","status-publish","hentry"],"_links":{"self":[{"href":"https:\/\/mvdimmogroup.fr\/index.php\/wp-json\/wp\/v2\/pages\/2","targetHints":{"allow":["GET"]}}],"collection":[{"href":"https:\/\/mvdimmogroup.fr\/index.php\/wp-json\/wp\/v2\/pages"}],"about":[{"href":"https:\/\/mvdimmogroup.fr\/index.php\/wp-json\/wp\/v2\/types\/page"}],"author":[{"embeddable":true,"href":"https:\/\/mvdimmogroup.fr\/index.php\/wp-json\/wp\/v2\/users\/1"}],"replies":[{"embeddable":true,"href":"https:\/\/mvdimmogroup.fr\/index.php\/wp-json\/wp\/v2\/comments?post=2"}],"version-history":[{"count":35,"href":"https:\/\/mvdimmogroup.fr\/index.php\/wp-json\/wp\/v2\/pages\/2\/revisions"}],"predecessor-version":[{"id":131,"href":"https:\/\/mvdimmogroup.fr\/index.php\/wp-json\/wp\/v2\/pages\/2\/revisions\/131"}],"wp:attachment":[{"href":"https:\/\/mvdimmogroup.fr\/index.php\/wp-json\/wp\/v2\/media?parent=2"}],"curies":[{"name":"wp","href":"https:\/\/api.w.org\/{rel}","templated":true}]}}